{"id":1631,"date":"2020-01-27T11:14:54","date_gmt":"2020-01-27T08:14:54","guid":{"rendered":"https:\/\/chefmezze.com.tr\/?page_id=1631"},"modified":"2025-11-17T12:15:37","modified_gmt":"2025-11-17T09:15:37","slug":"rezervasyon","status":"publish","type":"page","link":"https:\/\/chefmezze.com.tr\/wp\/rezervasyon\/","title":{"rendered":"Rezervasyon"},"content":{"rendered":"[vc_row][vc_column][vc_column_text]\n<h1 style=\"text-align:center;\"><strong>Rezervasyon<\/strong><\/h1>\n<p style=\"text-align:center;\">\n  <a href=\"https:\/\/wa.me\/905300675040\" target=\"_blank\" rel=\"noopener noreferrer\"><br \/>\n    Whatsapp ile rezervasyon yap\u0131n<br \/>\n  <\/a>\n<\/p>\n<p><i class=\"fa fa-whatsapp\" style=\"color:#25d366; font-size:46px; margin-top:1rem;\" aria-hidden=\"true\"><\/i><\/p>\n<p><!-- OPENTABLE WIDGET BA\u015eLIYOR --><\/p>\n<div id=\"guandoo-booking-widget\" style=\"margin: 0px auto; text-align: center;\"><\/div>\n<p><script>\n(() => {\n    window.__OT_WIDGET_ENTRY_TRANSLATION__ = \"\";\n    window.__OT_WIDGET_TLD__ = \"co.uk\";\n    const currentScript = document.currentScript;<\/p>\n<p>    const injectJS = () => {<\/p>\n<p>        const createdRWContainerId = window.__OT_WIDGET__.injectMuralFromScript(\n            \"https:\/\/www.opentable.co.uk\/widget\/reservation\/mural?rid=179121&type=standard&color=5&dark=false&iframe=true&domain=couk&lang=en-GB&newtab=false&ot_source=Restaurant website&logo_pid=88358743&cfe=true\",\n            \"e4bdc495-4e78-4cb0-80fd-b6f886e31729\",\n            \"OpenTable make booking widget\",\n            \"standard\",\n            \"standard\",\n            currentScript\n        );<\/p>\n<p>        window.__OT_WIDGET__.initModalOverlay(\n            createdRWContainerId,\n            \"https:\/\/www.opentable.co.uk\",\n            true\n        );\n    };<\/p>\n<p>    if (!currentScript?.parentNode) {\n        if (document.readyState === \"complete\") {\n            injectJS();\n        } else {\n            document.addEventListener(\"readystatechange\", () => {\n                if (document.readyState === \"complete\") {\n                    injectJS();\n                }\n            });\n        }\n    } else {\n        injectJS();\n    }\n})();\n<\/script><\/p>\n<p><script src=\"https:\/\/www.opentable.co.uk\/widget\/reservation\/loader?rid=179121&#038;theme=standard&#038;color=5&#038;dark=false&#038;iframe=true&#038;domain=couk&#038;lang=en-GB&#038;newtab=false\"><\/script><\/p>\n[\/vc_column_text][\/vc_column][\/vc_row]\n","protected":false},"excerpt":{"rendered":"<p>[vc_row][vc_column][vc_column_text] Rezervasyon Whatsapp ile rezervasyon yap\u0131n [\/vc_column_text][\/vc_column][\/vc_row]<\/p>\n","protected":false},"author":1,"featured_media":0,"parent":0,"menu_order":0,"comment_status":"closed","ping_status":"closed","template":"","meta":{"footnotes":""},"class_list":["post-1631","page","type-page","status-publish"],"yoast_head":"<!-- This site is optimized with the Yoast SEO plugin v23.7 - https:\/\/yoast.com\/wordpress\/plugins\/seo\/ -->\n<title>Rezervasyon Yap\u0131n ve Yerinizi Ay\u0131rt\u0131n - Chef Mezze<\/title>\n<meta name=\"description\" content=\"Chef Mezze\u2019de yerinizi hemen ay\u0131rt\u0131n! Rezervasyon yaparak \u00f6zel lezzetlerin ve benzersiz atmosferin tad\u0131n\u0131 doyas\u0131ya \u00e7\u0131kar\u0131n.\" \/>\n<meta name=\"robots\" content=\"index, follow, max-snippet:-1, max-image-preview:large, max-video-preview:-1\" \/>\n<link rel=\"canonical\" href=\"https:\/\/chefmezze.com.tr\/wp\/rezervasyon\/\" \/>\n<meta property=\"og:locale\" content=\"tr_TR\" \/>\n<meta property=\"og:type\" content=\"article\" \/>\n<meta property=\"og:title\" content=\"Rezervasyon Yap\u0131n ve Yerinizi Ay\u0131rt\u0131n - Chef Mezze\" \/>\n<meta property=\"og:description\" content=\"Chef Mezze\u2019de yerinizi hemen ay\u0131rt\u0131n! Rezervasyon yaparak \u00f6zel lezzetlerin ve benzersiz atmosferin tad\u0131n\u0131 doyas\u0131ya \u00e7\u0131kar\u0131n.\" \/>\n<meta property=\"og:url\" content=\"https:\/\/chefmezze.com.tr\/wp\/rezervasyon\/\" \/>\n<meta property=\"og:site_name\" content=\"Chef Mezze\" \/>\n<meta property=\"article:publisher\" content=\"https:\/\/www.facebook.com\/people\/Chefmezze-stanbul\/100066854154096\/\" \/>\n<meta property=\"article:modified_time\" content=\"2025-11-17T09:15:37+00:00\" \/>\n<meta name=\"twitter:card\" content=\"summary_large_image\" \/>\n<meta name=\"twitter:label1\" content=\"Tahmini okuma s\u00fcresi\" \/>\n\t<meta name=\"twitter:data1\" content=\"1 dakika\" \/>\n<script type=\"application\/ld+json\" class=\"yoast-schema-graph\">{\"@context\":\"https:\/\/schema.org\",\"@graph\":[{\"@type\":\"WebPage\",\"@id\":\"https:\/\/chefmezze.com.tr\/wp\/rezervasyon\/\",\"url\":\"https:\/\/chefmezze.com.tr\/wp\/rezervasyon\/\",\"name\":\"Rezervasyon Yap\u0131n ve Yerinizi Ay\u0131rt\u0131n - Chef Mezze\",\"isPartOf\":{\"@id\":\"https:\/\/chefmezze.com.tr\/wp\/#website\"},\"datePublished\":\"2020-01-27T08:14:54+00:00\",\"dateModified\":\"2025-11-17T09:15:37+00:00\",\"description\":\"Chef Mezze\u2019de yerinizi hemen ay\u0131rt\u0131n! Rezervasyon yaparak \u00f6zel lezzetlerin ve benzersiz atmosferin tad\u0131n\u0131 doyas\u0131ya \u00e7\u0131kar\u0131n.\",\"breadcrumb\":{\"@id\":\"https:\/\/chefmezze.com.tr\/wp\/rezervasyon\/#breadcrumb\"},\"inLanguage\":\"tr\",\"potentialAction\":[{\"@type\":\"ReadAction\",\"target\":[\"https:\/\/chefmezze.com.tr\/wp\/rezervasyon\/\"]}]},{\"@type\":\"BreadcrumbList\",\"@id\":\"https:\/\/chefmezze.com.tr\/wp\/rezervasyon\/#breadcrumb\",\"itemListElement\":[{\"@type\":\"ListItem\",\"position\":1,\"name\":\"Anasayfa\",\"item\":\"https:\/\/chefmezze.com.tr\/wp\/\"},{\"@type\":\"ListItem\",\"position\":2,\"name\":\"Rezervasyon\"}]},{\"@type\":\"WebSite\",\"@id\":\"https:\/\/chefmezze.com.tr\/wp\/#website\",\"url\":\"https:\/\/chefmezze.com.tr\/wp\/\",\"name\":\"Chef Mezze\",\"description\":\"Meze | M\u00fczik | Manzara\",\"publisher\":{\"@id\":\"https:\/\/chefmezze.com.tr\/wp\/#organization\"},\"potentialAction\":[{\"@type\":\"SearchAction\",\"target\":{\"@type\":\"EntryPoint\",\"urlTemplate\":\"https:\/\/chefmezze.com.tr\/wp\/?s={search_term_string}\"},\"query-input\":{\"@type\":\"PropertyValueSpecification\",\"valueRequired\":true,\"valueName\":\"search_term_string\"}}],\"inLanguage\":\"tr\"},{\"@type\":\"Organization\",\"@id\":\"https:\/\/chefmezze.com.tr\/wp\/#organization\",\"name\":\"Chef Mezze\",\"url\":\"https:\/\/chefmezze.com.tr\/wp\/\",\"logo\":{\"@type\":\"ImageObject\",\"inLanguage\":\"tr\",\"@id\":\"https:\/\/chefmezze.com.tr\/wp\/#\/schema\/logo\/image\/\",\"url\":\"https:\/\/chefmezze.com.tr\/wp\/wp-content\/uploads\/2020\/09\/logo.png\",\"contentUrl\":\"https:\/\/chefmezze.com.tr\/wp\/wp-content\/uploads\/2020\/09\/logo.png\",\"width\":1182,\"height\":910,\"caption\":\"Chef Mezze\"},\"image\":{\"@id\":\"https:\/\/chefmezze.com.tr\/wp\/#\/schema\/logo\/image\/\"},\"sameAs\":[\"https:\/\/www.facebook.com\/people\/Chefmezze-stanbul\/100066854154096\/\"]}]}<\/script>\n<!-- \/ Yoast SEO plugin. -->","yoast_head_json":{"title":"Rezervasyon Yap\u0131n ve Yerinizi Ay\u0131rt\u0131n - Chef Mezze","description":"Chef Mezze\u2019de yerinizi hemen ay\u0131rt\u0131n! Rezervasyon yaparak \u00f6zel lezzetlerin ve benzersiz atmosferin tad\u0131n\u0131 doyas\u0131ya \u00e7\u0131kar\u0131n.","robots":{"index":"index","follow":"follow","max-snippet":"max-snippet:-1","max-image-preview":"max-image-preview:large","max-video-preview":"max-video-preview:-1"},"canonical":"https:\/\/chefmezze.com.tr\/wp\/rezervasyon\/","og_locale":"tr_TR","og_type":"article","og_title":"Rezervasyon Yap\u0131n ve Yerinizi Ay\u0131rt\u0131n - Chef Mezze","og_description":"Chef Mezze\u2019de yerinizi hemen ay\u0131rt\u0131n! Rezervasyon yaparak \u00f6zel lezzetlerin ve benzersiz atmosferin tad\u0131n\u0131 doyas\u0131ya \u00e7\u0131kar\u0131n.","og_url":"https:\/\/chefmezze.com.tr\/wp\/rezervasyon\/","og_site_name":"Chef Mezze","article_publisher":"https:\/\/www.facebook.com\/people\/Chefmezze-stanbul\/100066854154096\/","article_modified_time":"2025-11-17T09:15:37+00:00","twitter_card":"summary_large_image","twitter_misc":{"Tahmini okuma s\u00fcresi":"1 dakika"},"schema":{"@context":"https:\/\/schema.org","@graph":[{"@type":"WebPage","@id":"https:\/\/chefmezze.com.tr\/wp\/rezervasyon\/","url":"https:\/\/chefmezze.com.tr\/wp\/rezervasyon\/","name":"Rezervasyon Yap\u0131n ve Yerinizi Ay\u0131rt\u0131n - Chef Mezze","isPartOf":{"@id":"https:\/\/chefmezze.com.tr\/wp\/#website"},"datePublished":"2020-01-27T08:14:54+00:00","dateModified":"2025-11-17T09:15:37+00:00","description":"Chef Mezze\u2019de yerinizi hemen ay\u0131rt\u0131n! Rezervasyon yaparak \u00f6zel lezzetlerin ve benzersiz atmosferin tad\u0131n\u0131 doyas\u0131ya \u00e7\u0131kar\u0131n.","breadcrumb":{"@id":"https:\/\/chefmezze.com.tr\/wp\/rezervasyon\/#breadcrumb"},"inLanguage":"tr","potentialAction":[{"@type":"ReadAction","target":["https:\/\/chefmezze.com.tr\/wp\/rezervasyon\/"]}]},{"@type":"BreadcrumbList","@id":"https:\/\/chefmezze.com.tr\/wp\/rezervasyon\/#breadcrumb","itemListElement":[{"@type":"ListItem","position":1,"name":"Anasayfa","item":"https:\/\/chefmezze.com.tr\/wp\/"},{"@type":"ListItem","position":2,"name":"Rezervasyon"}]},{"@type":"WebSite","@id":"https:\/\/chefmezze.com.tr\/wp\/#website","url":"https:\/\/chefmezze.com.tr\/wp\/","name":"Chef Mezze","description":"Meze | M\u00fczik | Manzara","publisher":{"@id":"https:\/\/chefmezze.com.tr\/wp\/#organization"},"potentialAction":[{"@type":"SearchAction","target":{"@type":"EntryPoint","urlTemplate":"https:\/\/chefmezze.com.tr\/wp\/?s={search_term_string}"},"query-input":{"@type":"PropertyValueSpecification","valueRequired":true,"valueName":"search_term_string"}}],"inLanguage":"tr"},{"@type":"Organization","@id":"https:\/\/chefmezze.com.tr\/wp\/#organization","name":"Chef Mezze","url":"https:\/\/chefmezze.com.tr\/wp\/","logo":{"@type":"ImageObject","inLanguage":"tr","@id":"https:\/\/chefmezze.com.tr\/wp\/#\/schema\/logo\/image\/","url":"https:\/\/chefmezze.com.tr\/wp\/wp-content\/uploads\/2020\/09\/logo.png","contentUrl":"https:\/\/chefmezze.com.tr\/wp\/wp-content\/uploads\/2020\/09\/logo.png","width":1182,"height":910,"caption":"Chef Mezze"},"image":{"@id":"https:\/\/chefmezze.com.tr\/wp\/#\/schema\/logo\/image\/"},"sameAs":["https:\/\/www.facebook.com\/people\/Chefmezze-stanbul\/100066854154096\/"]}]}},"_links":{"self":[{"href":"https:\/\/chefmezze.com.tr\/wp\/wp-json\/wp\/v2\/pages\/1631","targetHints":{"allow":["GET"]}}],"collection":[{"href":"https:\/\/chefmezze.com.tr\/wp\/wp-json\/wp\/v2\/pages"}],"about":[{"href":"https:\/\/chefmezze.com.tr\/wp\/wp-json\/wp\/v2\/types\/page"}],"author":[{"embeddable":true,"href":"https:\/\/chefmezze.com.tr\/wp\/wp-json\/wp\/v2\/users\/1"}],"replies":[{"embeddable":true,"href":"https:\/\/chefmezze.com.tr\/wp\/wp-json\/wp\/v2\/comments?post=1631"}],"version-history":[{"count":18,"href":"https:\/\/chefmezze.com.tr\/wp\/wp-json\/wp\/v2\/pages\/1631\/revisions"}],"predecessor-version":[{"id":3080,"href":"https:\/\/chefmezze.com.tr\/wp\/wp-json\/wp\/v2\/pages\/1631\/revisions\/3080"}],"wp:attachment":[{"href":"https:\/\/chefmezze.com.tr\/wp\/wp-json\/wp\/v2\/media?parent=1631"}],"curies":[{"name":"wp","href":"https:\/\/api.w.org\/{rel}","templated":true}]}}